{"id":98,"date":"2021-08-12T09:42:11","date_gmt":"2021-08-12T07:42:11","guid":{"rendered":"https:\/\/lemonsantenne.ovh\/?page_id=98"},"modified":"2021-08-12T11:42:53","modified_gmt":"2021-08-12T09:42:53","slug":"historique","status":"publish","type":"page","link":"https:\/\/lemonsantenne.ovh\/index.php\/historique\/","title":{"rendered":"Historique"},"content":{"rendered":"\n<p class=\"has-drop-cap\" id=\"block-64d1ddd8-e5c7-4ef6-bf9c-00bb45884224\"><br>Nous avons aper\u00e7u un panneau de chantier vers le bosquet le 20 juillet qui nous a interpell\u00e9 en s&#8217;approchant nous d\u00e9couvrons un arr\u00eat\u00e9 une Antenne de 36m de haut doit \u00eatre install\u00e9e sur la parcelle AS-149 au lieu dit les Cl\u00e9aux.<\/p>\n\n\n\n<figure class=\"wp-block-image\" id=\"block-aced92ef-eec8-4a49-aca1-8189e2e46407\"><img decoding=\"async\" src=\"https:\/\/lemonsantenne.ovh\/wp-content\/uploads\/2021\/08\/20210701panneauchantier.jpg\" alt=\"L\u2019attribut alt de cette image est vide, son nom de fichier est 20210701panneauchantier.jpg.\"\/><\/figure>\n\n\n\n<p id=\"block-41ed23b4-25ce-4a70-912d-7f5c9b005ffe\"><\/p>\n\n\n\n<figure class=\"wp-block-image\" id=\"block-b20eb328-e94a-4ad3-ba15-264c843c7eaf\"><img decoding=\"async\" src=\"https:\/\/lemonsantenne.ovh\/wp-content\/uploads\/2021\/08\/20210701nonoppositionDP.jpg\" alt=\"L\u2019attribut alt de cette image est vide, son nom de fichier est 20210701nonoppositionDP.jpg.\"\/><\/figure>\n\n\n\n<p id=\"block-1645f49e-955b-42b1-8ca9-fc44b07688d0\"><\/p>\n\n\n\n<p id=\"block-3bbce609-2ea1-494b-9228-133201f1d5ec\">Nous nous sommes renseign\u00e9s en mairie et un dossier a bien \u00e9t\u00e9 d\u00e9pos\u00e9 par la soci\u00e9t\u00e9 ATC le 10\/06\/2021 ,malgr\u00e9 l&#8217;obligation de la loi Abeille qui impose un devoir d&#8217;information \u00e0 la population dans les 10 jours de la r\u00e9ception du dossier.<\/p>\n\n\n\n<figure class=\"wp-block-image\" id=\"block-8d3e5aa3-a4df-4b90-ae0f-3abf58a4580a\"><img decoding=\"async\" src=\"https:\/\/lemonsantenne.ovh\/wp-content\/uploads\/2021\/08\/DP3.png\" alt=\"L\u2019attribut alt de cette image est vide, son nom de fichier est DP3.png.\"\/><\/figure>\n","protected":false},"excerpt":{"rendered":"<p>Nous avons aper\u00e7u un panneau de chantier vers le bosquet le 20 juillet qui nous a interpell\u00e9 en s&#8217;approchant nous d\u00e9couvrons un arr\u00eat\u00e9 une Antenne de 36m de haut doit \u00eatre install\u00e9e sur la parcelle AS-149 au lieu dit les Cl\u00e9aux. Nous nous sommes renseign\u00e9s en mairie et un dossier a bien \u00e9t\u00e9 d\u00e9pos\u00e9 par &hellip; <\/p>\n<p class=\"link-more\"><a href=\"https:\/\/lemonsantenne.ovh\/index.php\/historique\/\" class=\"more-link\">Continuer la lecture<span class=\"screen-reader-text\"> de &laquo;&nbsp;Historique&nbsp;&raquo;<\/span><\/a><\/p>\n","protected":false},"author":1,"featured_media":0,"parent":0,"menu_order":0,"comment_status":"closed","ping_status":"closed","template":"","meta":{"_bbp_topic_count":0,"_bbp_reply_count":0,"_bbp_total_topic_count":0,"_bbp_total_reply_count":0,"_bbp_voice_count":0,"_bbp_anonymous_reply_count":0,"_bbp_topic_count_hidden":0,"_bbp_reply_count_hidden":0,"_bbp_forum_subforum_count":0,"footnotes":""},"class_list":["post-98","page","type-page","status-publish","hentry"],"_links":{"self":[{"href":"https:\/\/lemonsantenne.ovh\/index.php\/wp-json\/wp\/v2\/pages\/98","targetHints":{"allow":["GET"]}}],"collection":[{"href":"https:\/\/lemonsantenne.ovh\/index.php\/wp-json\/wp\/v2\/pages"}],"about":[{"href":"https:\/\/lemonsantenne.ovh\/index.php\/wp-json\/wp\/v2\/types\/page"}],"author":[{"embeddable":true,"href":"https:\/\/lemonsantenne.ovh\/index.php\/wp-json\/wp\/v2\/users\/1"}],"replies":[{"embeddable":true,"href":"https:\/\/lemonsantenne.ovh\/index.php\/wp-json\/wp\/v2\/comments?post=98"}],"version-history":[{"count":3,"href":"https:\/\/lemonsantenne.ovh\/index.php\/wp-json\/wp\/v2\/pages\/98\/revisions"}],"predecessor-version":[{"id":134,"href":"https:\/\/lemonsantenne.ovh\/index.php\/wp-json\/wp\/v2\/pages\/98\/revisions\/134"}],"wp:attachment":[{"href":"https:\/\/lemonsantenne.ovh\/index.php\/wp-json\/wp\/v2\/media?parent=98"}],"curies":[{"name":"wp","href":"https:\/\/api.w.org\/{rel}","templated":true}]}}