{"id":99,"date":"2021-08-12T09:42:11","date_gmt":"2021-08-12T07:42:11","guid":{"rendered":"https:\/\/lemonsantenne.ovh\/?page_id=99"},"modified":"2021-08-16T13:16:34","modified_gmt":"2021-08-16T11:16:34","slug":"actions","status":"publish","type":"page","link":"https:\/\/lemonsantenne.ovh\/index.php\/actions\/","title":{"rendered":"Actions"},"content":{"rendered":"\n<p>Comme promis nous mettons en place une association sous le nom g\u00e9n\u00e9raliste <\/p>\n\n\n\n<p class=\"has-text-align-center\"><strong>&#8220;Protection du Patrimoine en Vivarais&#8221; <\/strong><\/p>\n\n\n\n<p>Cette association aura pour but d&#8217;informer la population, de f\u00e9d\u00e9rer ses adh\u00e9rents sur des projets impos\u00e9s sans concertation impactant leur environnement proche et leur quotidien .<\/p>\n\n\n\n<figure class=\"wp-block-image size-full is-style-default\"><img loading=\"lazy\" decoding=\"async\" width=\"1000\" height=\"500\" src=\"https:\/\/lemonsantenne.ovh\/wp-content\/uploads\/2021\/08\/photo-antenne.jpg\" alt=\"Photo Le DL\/Martine CROZIER\" class=\"wp-image-198\" srcset=\"https:\/\/lemonsantenne.ovh\/wp-content\/uploads\/2021\/08\/photo-antenne.jpg 1000w, https:\/\/lemonsantenne.ovh\/wp-content\/uploads\/2021\/08\/photo-antenne-300x150.jpg 300w, https:\/\/lemonsantenne.ovh\/wp-content\/uploads\/2021\/08\/photo-antenne-768x384.jpg 768w\" sizes=\"auto, (max-width: 767px) 89vw, (max-width: 1000px) 54vw, (max-width: 1071px) 543px, 580px\" \/><figcaption>Photo Le DL\/Martine CROZIER<\/figcaption><\/figure>\n\n\n\n<p>Un collectif sous le nom <\/p>\n\n\n\n<p class=\"has-text-align-center\"><strong>Le Mont sans Antenne <\/strong><\/p>\n\n\n\n<p>Celui-ci rassemblera les personnes qui souhaitent introduire un recours au tribunal administratif et peut \u00eatre civil par la suite.<\/p>\n","protected":false},"excerpt":{"rendered":"<p>Comme promis nous mettons en place une association sous le nom g\u00e9n\u00e9raliste &#8220;Protection du Patrimoine en Vivarais&#8221; Cette association aura pour but d&#8217;informer la population, de f\u00e9d\u00e9rer ses adh\u00e9rents sur des projets impos\u00e9s sans concertation impactant leur environnement proche et leur quotidien . Un collectif sous le nom Le Mont sans Antenne Celui-ci rassemblera les &hellip; <\/p>\n<p class=\"link-more\"><a href=\"https:\/\/lemonsantenne.ovh\/index.php\/actions\/\" class=\"more-link\">Continuer la lecture<span class=\"screen-reader-text\"> de &laquo;&nbsp;Actions&nbsp;&raquo;<\/span><\/a><\/p>\n","protected":false},"author":1,"featured_media":0,"parent":0,"menu_order":0,"comment_status":"closed","ping_status":"closed","template":"","meta":{"_bbp_topic_count":0,"_bbp_reply_count":0,"_bbp_total_topic_count":0,"_bbp_total_reply_count":0,"_bbp_voice_count":0,"_bbp_anonymous_reply_count":0,"_bbp_topic_count_hidden":0,"_bbp_reply_count_hidden":0,"_bbp_forum_subforum_count":0,"footnotes":""},"class_list":["post-99","page","type-page","status-publish","hentry"],"_links":{"self":[{"href":"https:\/\/lemonsantenne.ovh\/index.php\/wp-json\/wp\/v2\/pages\/99","targetHints":{"allow":["GET"]}}],"collection":[{"href":"https:\/\/lemonsantenne.ovh\/index.php\/wp-json\/wp\/v2\/pages"}],"about":[{"href":"https:\/\/lemonsantenne.ovh\/index.php\/wp-json\/wp\/v2\/types\/page"}],"author":[{"embeddable":true,"href":"https:\/\/lemonsantenne.ovh\/index.php\/wp-json\/wp\/v2\/users\/1"}],"replies":[{"embeddable":true,"href":"https:\/\/lemonsantenne.ovh\/index.php\/wp-json\/wp\/v2\/comments?post=99"}],"version-history":[{"count":5,"href":"https:\/\/lemonsantenne.ovh\/index.php\/wp-json\/wp\/v2\/pages\/99\/revisions"}],"predecessor-version":[{"id":201,"href":"https:\/\/lemonsantenne.ovh\/index.php\/wp-json\/wp\/v2\/pages\/99\/revisions\/201"}],"wp:attachment":[{"href":"https:\/\/lemonsantenne.ovh\/index.php\/wp-json\/wp\/v2\/media?parent=99"}],"curies":[{"name":"wp","href":"https:\/\/api.w.org\/{rel}","templated":true}]}}